{"id":290,"date":"2018-10-10T08:46:27","date_gmt":"2018-10-10T08:46:27","guid":{"rendered":"http:\/\/miranargh.de\/?page_id=290"},"modified":"2026-04-21T14:09:10","modified_gmt":"2026-04-21T14:09:10","slug":"miranargh-aktuell","status":"publish","type":"page","link":"https:\/\/miranargh.de\/?page_id=290","title":{"rendered":"Miranargh aktuell"},"content":{"rendered":"<h1 style=\"text-align: center;\"><span style=\"color: #008000;\"><strong>Unsere n\u00e4chsten Termine\/<\/strong><\/span><\/h1>\n<h1 style=\"text-align: center;\"><span style=\"color: #008000;\"><strong>Veranstaltungen:<\/strong><\/span><\/h1>\n<p><strong>\u00a0<a href=\"https:\/\/miranargh.de\/wp-content\/uploads\/2018\/07\/miranargh-wappen.jpg\"><img loading=\"lazy\" decoding=\"async\" class=\"wp-image-250 aligncenter\" src=\"https:\/\/miranargh.de\/wp-content\/uploads\/2018\/07\/miranargh-wappen.jpg\" alt=\"\" width=\"53\" height=\"64\" \/><\/a><\/strong><\/p>\n<h3 style=\"text-align: center;\"><span style=\"color: #008000;\">Hier\u00a0 immer die aktuellesten Termine und Pl\u00e4ne <\/span><\/h3>\n<h3 style=\"text-align: center;\"><span style=\"color: #008000;\">des Vereins Miranargh e.V. <\/span><\/h3>\n<h3 style=\"text-align: center;\"><span style=\"color: #008000;\">f\u00fcr das Jahr 2026:<\/span><\/h3>\n<h2 style=\"text-align: center;\"><a href=\"https:\/\/miranargh.de\/wp-content\/uploads\/2019\/04\/Wappen3.jpg\"><img loading=\"lazy\" decoding=\"async\" class=\"size-full wp-image-317\" src=\"https:\/\/miranargh.de\/wp-content\/uploads\/2019\/04\/Wappen3.jpg\" alt=\"\" width=\"33\" height=\"39\" \/><\/a><\/h2>\n<h1 style=\"text-align: center;\"><span style=\"color: #339966;\">Termine Miranargh e.V.<\/span><\/h1>\n<h2 style=\"text-align: center;\"><span style=\"color: #0000ff;\">f\u00fcr 2026<\/span><\/h2>\n<h3 style=\"text-align: center;\"><strong>Miranargh\u00a0 e.V.\u00a0\u00a0<\/strong><\/h3>\n<p>&nbsp;<\/p>\n<p><a href=\"https:\/\/miranargh.de\/wp-content\/uploads\/2018\/07\/cropped-miranargh-wappen-1.jpg\"><img loading=\"lazy\" decoding=\"async\" class=\" wp-image-288 aligncenter\" src=\"https:\/\/miranargh.de\/wp-content\/uploads\/2018\/07\/cropped-miranargh-wappen-1-300x300.jpg\" alt=\"\" width=\"129\" height=\"129\" srcset=\"https:\/\/miranargh.de\/wp-content\/uploads\/2018\/07\/cropped-miranargh-wappen-1-300x300.jpg 300w, https:\/\/miranargh.de\/wp-content\/uploads\/2018\/07\/cropped-miranargh-wappen-1-150x150.jpg 150w, https:\/\/miranargh.de\/wp-content\/uploads\/2018\/07\/cropped-miranargh-wappen-1-270x270.jpg 270w, https:\/\/miranargh.de\/wp-content\/uploads\/2018\/07\/cropped-miranargh-wappen-1-192x192.jpg 192w, https:\/\/miranargh.de\/wp-content\/uploads\/2018\/07\/cropped-miranargh-wappen-1-180x180.jpg 180w, https:\/\/miranargh.de\/wp-content\/uploads\/2018\/07\/cropped-miranargh-wappen-1-32x32.jpg 32w, https:\/\/miranargh.de\/wp-content\/uploads\/2018\/07\/cropped-miranargh-wappen-1.jpg 512w\" sizes=\"auto, (max-width: 129px) 100vw, 129px\" \/><\/a><\/p>\n<h1 style=\"text-align: center;\"><span style=\"color: #99cc00;\">Kampf im Mai 2026<\/span><\/h1>\n<p style=\"text-align: center;\">Kommt und begr\u00fc\u00dft mit anderen Larp-Freunden zusammen den Fr\u00fchling!<\/p>\n<p style=\"text-align: center;\">\u00a0<\/p>\n<h2 style=\"text-align: center;\"><span style=\"color: #ffcc00;\"><strong>Am Freitag, den 1.5.2026<\/strong><\/span><\/h2>\n<h2 style=\"text-align: center;\"><span style=\"color: #ffcc00;\">auf Iskas Hof, K\u00f6hnholz 1, Neudorf-Bornstein<\/span><\/h2>\n<h2 style=\"text-align: center;\"><span style=\"color: #ffcc00;\"><strong>ab 12.00 Uhr bis ca. 19.00 Uhr<\/strong><\/span><\/h2>\n<p style=\"text-align: center;\">im zwanglosen Miteinander in Gewandung, aber ohne InTime, wollen wir:<\/p>\n<p style=\"text-align: center;\">\u00a0<\/p>\n<p style=\"text-align: center;\">-Mal wieder die Larpwaffen schwingen, den Winterrost abtrainieren und beim Training oder bei Schwertkampfspielen den Umgang \u00fcben.<\/p>\n<p style=\"text-align: center;\">&#8211; Mit anderen zusammen am Lagerfeuer sitzen und uns auf die anstehende Larpsaison freuen.<\/p>\n<p style=\"text-align: center;\">&#8211; Larp-Jugger trainieren und uns als Mannschaft im Larp-Jugger in einem kleinen Turnier messen. Es winkt ein Siegerpreis!<\/p>\n<p style=\"text-align: center;\">&#8211; Larpgeeignete Lagerfeuerlieder auffrischen, kennen lernen und singen.<\/p>\n<p style=\"text-align: center;\">&#8211; unser gemeinsames Buffet genie\u00dfen.<\/p>\n<p style=\"text-align: center;\">-neue Leute kennenlernen<\/p>\n<p style=\"text-align: center;\">-und vieles mehr\u2026<\/p>\n<p style=\"text-align: center;\">\u00a0<\/p>\n<h3 style=\"text-align: center;\"><span style=\"color: #339966;\">Wir bieten:<\/span><\/h3>\n<ul style=\"text-align: center;\">\n<li>eine Feuerstelle mit Stockbrotteig<\/li>\n<li>einen Grill<\/li>\n<li>Ein Juggerfeld und Juggerwaffen,<\/li>\n<li>Sitzgelegenheiten und einen Tisch f\u00fcrs gemeinsame Zum-Grillen-Beilagen-Buffet.<\/li>\n<\/ul>\n<h3 style=\"text-align: center;\"><span style=\"color: #0000ff;\">Ihr bringt mit:<\/span><\/h3>\n<ul style=\"text-align: center;\">\n<li><strong>5,- Euro Kostenbeitrag, <\/strong><\/li>\n<li>wer will, W\u00fcrstchen oder Grillgut,<\/li>\n<li>Etwas f\u00fcr das gemeinsame Buffet,<\/li>\n<li>Eigene Getr\u00e4nke, Geschirr und Besteck,<\/li>\n<li>Eigene Larpwaffe, (wer hat),<\/li>\n<li>Decke oder so zum Draufsetzen,<\/li>\n<li>Eure Gewandung.<\/li>\n<\/ul>\n<p style=\"text-align: center;\">\u00a0<\/p>\n<p style=\"text-align: center;\">\u00a0<\/p>\n<p style=\"text-align: center;\">Bei str\u00f6mendem Regen sagen wir rechtzeitig ab!<\/p>\n<p style=\"text-align: center;\">\u00a0<\/p>\n<p style=\"text-align: center;\">\u00a0<\/p>\n<h4 style=\"text-align: center;\">\u00a0<\/h4>\n<h3 style=\"text-align: center;\"><span style=\"color: #008000;\">&#8211; Wir sehen uns in Miranargh &#8211;<\/span><\/h3>\n<p><strong>\u00a0<\/strong><\/p>\n<p style=\"text-align: center;\"><span style=\"color: #008000;\"><strong>\u00a0<\/strong><\/span><\/p>\n\n\n<p><\/p>\n","protected":false},"excerpt":{"rendered":"<p>Unsere n\u00e4chsten Termine\/ Veranstaltungen: \u00a0 Hier\u00a0 immer die aktuellesten Termine und Pl\u00e4ne des Vereins Miranargh e.V. f\u00fcr das Jahr 2026: Termine Miranargh e.V. f\u00fcr 2026 Miranargh\u00a0 e.V.\u00a0\u00a0 &nbsp; Kampf im Mai 2026 Kommt und begr\u00fc\u00dft mit anderen Larp-Freunden zusammen den Fr\u00fchling! \u00a0 Am Freitag, den 1.5.2026 auf Iskas Hof, K\u00f6hnholz 1, Neudorf-Bornstein ab 12.00 Uhr &hellip; <a href=\"https:\/\/miranargh.de\/?page_id=290\" class=\"more-link\"><span class=\"screen-reader-text\">Miranargh aktuell<\/span> weiterlesen <span class=\"meta-nav\">&rarr;<\/span><\/a><\/p>\n","protected":false},"author":1,"featured_media":0,"parent":0,"menu_order":0,"comment_status":"closed","ping_status":"closed","template":"","meta":{"footnotes":""},"class_list":["post-290","page","type-page","status-publish","hentry"],"_links":{"self":[{"href":"https:\/\/miranargh.de\/index.php?rest_route=\/wp\/v2\/pages\/290","targetHints":{"allow":["GET"]}}],"collection":[{"href":"https:\/\/miranargh.de\/index.php?rest_route=\/wp\/v2\/pages"}],"about":[{"href":"https:\/\/miranargh.de\/index.php?rest_route=\/wp\/v2\/types\/page"}],"author":[{"embeddable":true,"href":"https:\/\/miranargh.de\/index.php?rest_route=\/wp\/v2\/users\/1"}],"replies":[{"embeddable":true,"href":"https:\/\/miranargh.de\/index.php?rest_route=%2Fwp%2Fv2%2Fcomments&post=290"}],"version-history":[{"count":88,"href":"https:\/\/miranargh.de\/index.php?rest_route=\/wp\/v2\/pages\/290\/revisions"}],"predecessor-version":[{"id":550,"href":"https:\/\/miranargh.de\/index.php?rest_route=\/wp\/v2\/pages\/290\/revisions\/550"}],"wp:attachment":[{"href":"https:\/\/miranargh.de\/index.php?rest_route=%2Fwp%2Fv2%2Fmedia&parent=290"}],"curies":[{"name":"wp","href":"https:\/\/api.w.org\/{rel}","templated":true}]}}