{"id":264,"date":"2018-07-16T08:07:18","date_gmt":"2018-07-16T08:07:18","guid":{"rendered":"http:\/\/miranargh.de\/?page_id=264"},"modified":"2020-09-20T14:15:02","modified_gmt":"2020-09-20T14:15:02","slug":"das-land-miranargh","status":"publish","type":"page","link":"https:\/\/miranargh.de\/?page_id=264","title":{"rendered":"das Land Miranargh"},"content":{"rendered":"<h1 style=\"text-align: center;\"><span style=\"color: #008000;\">Das Land Miranargh<\/span><span style=\"color: #0000ff;\"><strong>,<\/strong><\/span><\/h1>\n<p style=\"text-align: center;\"><span style=\"color: #0000ff;\"><strong>das auch unserem Verein seinen Namen gibt,<\/strong><\/span><\/p>\n<p style=\"text-align: center;\"><span style=\"color: #0000ff;\"><strong>haben wir selbst erdacht,<\/strong><\/span><\/p>\n<p style=\"text-align: center;\"><span style=\"color: #0000ff;\"><strong>es ist das Land, in dem all unsere Abenteuer stattfinden.<\/strong><\/span><\/p>\n<p style=\"text-align: center;\"><span style=\"color: #0000ff;\"><strong>So sieht Miranargh aus:<\/strong><\/span><\/p>\n<p><a href=\"https:\/\/miranargh.de\/wp-content\/uploads\/2018\/07\/Karte-Miranargh-1.jpg\"><img loading=\"lazy\" decoding=\"async\" class=\" wp-image-266 aligncenter\" src=\"https:\/\/miranargh.de\/wp-content\/uploads\/2018\/07\/Karte-Miranargh-1-300x216.jpg\" alt=\"\" width=\"488\" height=\"351\" srcset=\"https:\/\/miranargh.de\/wp-content\/uploads\/2018\/07\/Karte-Miranargh-1-300x216.jpg 300w, https:\/\/miranargh.de\/wp-content\/uploads\/2018\/07\/Karte-Miranargh-1-768x554.jpg 768w, https:\/\/miranargh.de\/wp-content\/uploads\/2018\/07\/Karte-Miranargh-1-1024x739.jpg 1024w, https:\/\/miranargh.de\/wp-content\/uploads\/2018\/07\/Karte-Miranargh-1-624x450.jpg 624w, https:\/\/miranargh.de\/wp-content\/uploads\/2018\/07\/Karte-Miranargh-1.jpg 1719w\" sizes=\"auto, (max-width: 488px) 100vw, 488px\" \/><\/a><\/p>\n<p style=\"text-align: center;\"><span style=\"color: #0000ff;\"><strong>Und hier noch ein paar Informationen zu unserem Land:<\/strong><\/span><\/p>\n<p>Wer das Land Miranargh durchreist, muss ungef\u00e4hr 1500 Meilen von \u201eWo Berge den Himmel ber\u00fchren\u201c bis nach Seelias wandern, und er h\u00e4tte 1200 Meilen Weg, wenn er von der westlichen bis zur \u00f6stlichen Seite wandern wollte.<\/p>\n<p><span style=\"color: #008000;\"><strong>(Berge an der W\u00fcste)<\/strong><\/span><br \/>\nDie Berge, die die Seqimeda umgeben, nennen die Araden: Me\u2019da, die Miransprechenden \u00fcbersetzen dies mit: Siedetopf. Sie wirken dunkel, und sind nur wenig bewachsen, da schon hier die Hitze sp\u00fcrbar ist.<br \/>\nDie Winde, der hier immer zu wehen scheinen, schleifen die Berge, und tragen ihren Sand in die Seqimeda. Der Sand der W\u00fcste eignet sich zur Glasherstellung, und die Araden, die ja die W\u00fcste bewohnen, haben es zu gro\u00dfer Kunstfertigkeit in der Glasbl\u00e4serei gebracht. Wohnt doch in jedem Araden ein K\u00fcnstler.<br \/>\nIm S\u00fcden des Me\u2019da liegt der warme See, dessen Geysir immer wieder f\u00fcr Nachschub an hei\u00dfem Wasser sorgt. Hier findet man auch die Stadt Tefraloth, die ein Handelsort ist, in dem vor allem die Kunsthandwerke der Araden gehandelt werden.<\/p>\n<p><span style=\"color: #008000;\"><strong>(Bei Naryl)<\/strong><\/span><br \/>\nNahe Naryl findet man gro\u00dfe Felder mit Tabak. Dieser wird in der Stadt getrocknet, und weiter verarbeitet. Besondere bekannt sind die Naryler Zweige, kleine aromatische Zigarillos.<\/p>\n<p><span style=\"color: #008000;\"><strong>(nahe Haussee)<\/strong><\/span><br \/>\nNahe Haussee findet man in den W\u00e4ldern immer wieder Lichtungen, auf denen wild wachsene Teestr\u00e4ucher gedeihen. Dieser Wildtee ist eine der besten Handelswaren, die Miranargh zu bieten hat.<\/p>\n<p><span style=\"color: #008000;\"><strong>(bei Riril)<\/strong><\/span><br \/>\nIn der Bucht des Mere\u2019den nahe dieser Stadt leben die kleinen silbernen Fische, aus denen die Ririler ihr Ririler Fischgold machen. Diese ger\u00e4ucherte Delikatesse ist bis \u00fcber die Landesgrenzen hinaus bekannt, die Ririler d\u00fcrfen sich sogar: K\u00f6nigliche Hoflieferanten nennen.<\/p>\n<p><span style=\"color: #008000;\"><strong>(\u00fcber Haussee)<\/strong><\/span><br \/>\nHier findet man die D\u00f6rfer Har und Mon. Jahrhunderte lang lebten die D\u00f6rfer in Zwietracht, doch dann erhobt sich hier eine d\u00e4monische Macht, und nur das Begraben der alten Feindschaften und der gemeinsame Kampf Seite an Seite konnte das Tor der D\u00e4monen schlie\u00dfen. (Con: Schlimme Zeiten, 2004)<\/p>\n<p style=\"text-align: center;\"><span style=\"color: #0000ff;\"><strong>Hier noch weitere Informationen zum Land Miranargh, die den Hintergrund f\u00fcr unsere Abenteuer bilden:<\/strong><\/span><\/p>\n<p><span style=\"color: #008000;\"><strong>Staatsform:<\/strong><\/span><br \/>\n<span style=\"color: #008000;\"><strong>Monarchie<\/strong><\/span><br \/>\nDa das Land gro\u00df ist und viele Ecken unerforscht oder schwer zu erreichen, gibt es sicher auch andere Formen. Viele Zuwanderer haben ihre Gebr\u00e4uche und Gesetze mitgebracht. Diese werden geduldet, und so kann es immer wieder dem Fremden seltsam anmutende Urteilen oder Br\u00e4uchen kommen. Die meisten Miranargher sind mit ihrem Land im Frieden, da sie sich tolerant aufgenommen f\u00fchlen.<br \/>\nIn Miranargh herrscht Ihr K\u00f6nigliche Majest\u00e4t N\u00f2ree von Cathar, die mit ihrem Hofstaat in Seelias residiert.<\/p>\n<p><span style=\"color: #008000;\"><strong>Bev\u00f6lkerung:<\/strong><\/span><br \/>\nMan findet in Miranargh alle Bev\u00f6lkerungsgruppen, man findet auch opulente Feste und hungernde Bettler. Jedoch sind die eher die Ausnahme, und jeder kann woanders hinziehen und dort sein Gl\u00fcck machen.<\/p>\n<p><span style=\"color: #008000;\"><strong>Welche Religionen gibt es?<\/strong><\/span><br \/>\nEs gibt keine Staatsreligion. In Miranargh findet man eine Pluralit\u00e4t der Religionen, da jeder seine Religion leben kann, solange er die Gesetze beachtet. Dies kommt den Einwandern entgegen, und mit jedem Einwanderer nimmt die Zahl der Religionen m\u00f6glicherweise zu.<br \/>\n<span style=\"color: #008000;\"><strong>Gibt es Sklaverei, Unfreiheit?<\/strong><\/span><br \/>\nEs gibt unfreie Bauern und Landarbeiter, allerdings ist Ihr Herr zu bestimmten Umgangsformen verpflichtet. Sklaverei jedoch wird mit dem Mitteln der Diplomatie bek\u00e4mpft.<\/p>\n<p><span style=\"color: #008000;\"><strong>Einwohner:<\/strong><\/span><br \/>\nDie Einwohner Miranarghs sind vielf\u00e4ltig in Rasse und Kultur. Da gro\u00dfe Teile des Landes eher wenig bereist werden, gibt es keine genauen Erkenntnisse \u00fcber die Anzahl der Einwohner und die Verteilung der Rassen. \u201eDa man einen Rechenfehler vermutet, was die angeblich hohe Zahl der Elfen angeht, wird hiermit eine Z\u00e4hlung des Volkes angeordnete!\u201cK\u00f6nigin Noree von Cathar beim diesj\u00e4hrigen Kronkonvent.<br \/>\nGer\u00fcchte sagen allerdings, dass man am k\u00f6niglichen Hofe von der Idee der Steuererhebung ganz angetan sei, und das diese Volksz\u00e4hlung dies als wahren Hintergrund hat. Fakt jedoch ist, dass es wohl eine ganze lange zeit von mehreren Jahren in Anspruch nehmen wird, diese Z\u00e4hlung zu bew\u00e4ltigen.<\/p>\n<p><span style=\"color: #008000;\"><strong>Magie:<\/strong><\/span><br \/>\nIm Lande Miranargh steht man der Magie eher offen gegen\u00fcber, solange die gesteze geachtet werden, Nekromantie und D\u00e4monologie gelten als verwerflich.Jede Kultur hat ihre arkanen Besonderheiten.<br \/>\nIn Seelias gibt es das Konzil des freien Geistes, eine Akademie der Geisteswissenschaften, dass neben dem Universit\u00e4tsbetrieb auch eine kleine Magierakademie beinhaltet. Hier werden viele Magier f\u00fcr die Seefahrt ausgebildet, aber auch andere Zweige sind vertreten.Der Gro\u00dfkanzler hei\u00dft Albertin von Mitternacht.<br \/>\nAnsonsten gibt es mehrere kleine private Magierakademien, und oft werden die Zauberkundigen auch von privaten Lehrmeistern in den verschiedensten Arten der Magie unterwiesen und ausgebildet.<\/p>\n<p><span style=\"color: #008000;\"><strong>Rechtssystem:<\/strong><\/span><br \/>\nDie Richterliche Gewalt f\u00fcr alle Verrechen die \u00fcber Bagatellen hinaus gehen liegt beim Hochadel. Dieser f\u00e4llt das Urteil ist dabei aber verpflichtet all jene die vom Adelsrang eine Stufe unter ihm stehen anzuh\u00f6ren. Viele Gesetze in Miranargh sind recht Wage formuliert um den Vorstellungen aller vermischten Kulturen gerecht zu werden. Gemein ist ihnen den Frieden zu wahren und recht und Gerechtigkeit zu einen. Das Strafma\u00df richtet sich zumeist nach dem Richtenden Adeligen. Die Todesstrafe wird dabei sehr selten verh\u00e4ngt. Arbeitsdienste und erfreuen sich einer gr\u00f6\u00dferen Beliebtheit.<\/p>\n","protected":false},"excerpt":{"rendered":"<p>Das Land Miranargh, das auch unserem Verein seinen Namen gibt, haben wir selbst erdacht, es ist das Land, in dem all unsere Abenteuer stattfinden. So sieht Miranargh aus: Und hier noch ein paar Informationen zu unserem Land: Wer das Land Miranargh durchreist, muss ungef\u00e4hr 1500 Meilen von \u201eWo Berge den Himmel ber\u00fchren\u201c bis nach Seelias &hellip; <a href=\"https:\/\/miranargh.de\/?page_id=264\" class=\"more-link\"><span class=\"screen-reader-text\">das Land Miranargh<\/span> weiterlesen <span class=\"meta-nav\">&rarr;<\/span><\/a><\/p>\n","protected":false},"author":1,"featured_media":0,"parent":0,"menu_order":0,"comment_status":"closed","ping_status":"closed","template":"","meta":{"footnotes":""},"class_list":["post-264","page","type-page","status-publish","hentry"],"_links":{"self":[{"href":"https:\/\/miranargh.de\/index.php?rest_route=\/wp\/v2\/pages\/264","targetHints":{"allow":["GET"]}}],"collection":[{"href":"https:\/\/miranargh.de\/index.php?rest_route=\/wp\/v2\/pages"}],"about":[{"href":"https:\/\/miranargh.de\/index.php?rest_route=\/wp\/v2\/types\/page"}],"author":[{"embeddable":true,"href":"https:\/\/miranargh.de\/index.php?rest_route=\/wp\/v2\/users\/1"}],"replies":[{"embeddable":true,"href":"https:\/\/miranargh.de\/index.php?rest_route=%2Fwp%2Fv2%2Fcomments&post=264"}],"version-history":[{"count":3,"href":"https:\/\/miranargh.de\/index.php?rest_route=\/wp\/v2\/pages\/264\/revisions"}],"predecessor-version":[{"id":363,"href":"https:\/\/miranargh.de\/index.php?rest_route=\/wp\/v2\/pages\/264\/revisions\/363"}],"wp:attachment":[{"href":"https:\/\/miranargh.de\/index.php?rest_route=%2Fwp%2Fv2%2Fmedia&parent=264"}],"curies":[{"name":"wp","href":"https:\/\/api.w.org\/{rel}","templated":true}]}}