{"id":2,"date":"2015-09-16T04:24:25","date_gmt":"2015-09-16T04:24:25","guid":{"rendered":"http:\/\/wp431m.a10-52-158-154.qa.plesk.ru\/wordpress\/?page_id=2"},"modified":"2026-04-21T14:05:54","modified_gmt":"2026-04-21T14:05:54","slug":"sample-page","status":"publish","type":"page","link":"https:\/\/miranargh.de\/","title":{"rendered":"Willkommen"},"content":{"rendered":"<h2 style=\"text-align: center;\"><span style=\"color: #3366ff;\">Dies ist die Homepage <\/span><\/h2>\n<h2 style=\"text-align: center;\"><span style=\"color: #3366ff;\">vom Verein<\/span><\/h2>\n<p style=\"text-align: center;\"><a href=\"http:\/\/steinkrautundmeer.de\/wp-content\/uploads\/2018\/07\/Miranargh.jpg\"><img loading=\"lazy\" decoding=\"async\" class=\"wp-image-249 aligncenter\" src=\"http:\/\/steinkrautundmeer.de\/wp-content\/uploads\/2018\/07\/Miranargh-300x86.jpg\" alt=\"\" width=\"398\" height=\"114\" srcset=\"https:\/\/miranargh.de\/wp-content\/uploads\/2018\/07\/Miranargh-300x86.jpg 300w, https:\/\/miranargh.de\/wp-content\/uploads\/2018\/07\/Miranargh.jpg 421w\" sizes=\"auto, (max-width: 398px) 100vw, 398px\" \/><\/a><\/p>\n<h5 style=\"text-align: center;\"><span style=\"color: #339966;\">einem Verein f\u00fcr Kinder-und Jugendarbeit,<\/span><\/h5>\n<h5 style=\"text-align: center;\"><span style=\"color: #339966;\">und auch f\u00fcr Erwachsene,<\/span><\/h5>\n<h3 style=\"text-align: center;\"><span style=\"color: #339966;\">zum Thema Liverollenspiel und \u00e4hnliche Projekte.<\/span><\/h3>\n<p><a href=\"https:\/\/miranargh.de\/wp-content\/uploads\/2018\/07\/miranargh-wappen.jpg\"><img loading=\"lazy\" decoding=\"async\" class=\" wp-image-250 aligncenter\" src=\"https:\/\/miranargh.de\/wp-content\/uploads\/2018\/07\/miranargh-wappen.jpg\" alt=\"\" width=\"265\" height=\"322\" \/><\/a><\/p>\n<h2 style=\"text-align: center;\">am <span style=\"color: #339966;\">1.5.26 findet der diesj\u00e4hrige Kampf im\u00a0 Mai<\/span>\u00a0statt,<\/h2>\n<p style=\"text-align: center;\"><span style=\"color: #333399;\"><strong>\u00a0alle wichtigen Informationen dazu findest du:<\/strong><\/span><\/p>\n<h2 style=\"text-align: center;\"><span style=\"color: #0000ff;\"><a href=\"https:\/\/miranargh.de\/?page_id=290\">hier.<\/a><\/span><\/h2>\n<h3 style=\"text-align: center;\"><\/h3>\n<p style=\"text-align: center;\">\n","protected":false},"excerpt":{"rendered":"<p>Dies ist die Homepage vom Verein einem Verein f\u00fcr Kinder-und Jugendarbeit, und auch f\u00fcr Erwachsene, zum Thema Liverollenspiel und \u00e4hnliche Projekte. am 1.5.26 findet der diesj\u00e4hrige Kampf im\u00a0 Mai\u00a0statt, \u00a0alle wichtigen Informationen dazu findest du: hier.<\/p>\n","protected":false},"author":1,"featured_media":0,"parent":0,"menu_order":0,"comment_status":"closed","ping_status":"closed","template":"","meta":{"footnotes":""},"class_list":["post-2","page","type-page","status-publish","hentry"],"_links":{"self":[{"href":"https:\/\/miranargh.de\/index.php?rest_route=\/wp\/v2\/pages\/2","targetHints":{"allow":["GET"]}}],"collection":[{"href":"https:\/\/miranargh.de\/index.php?rest_route=\/wp\/v2\/pages"}],"about":[{"href":"https:\/\/miranargh.de\/index.php?rest_route=\/wp\/v2\/types\/page"}],"author":[{"embeddable":true,"href":"https:\/\/miranargh.de\/index.php?rest_route=\/wp\/v2\/users\/1"}],"replies":[{"embeddable":true,"href":"https:\/\/miranargh.de\/index.php?rest_route=%2Fwp%2Fv2%2Fcomments&post=2"}],"version-history":[{"count":70,"href":"https:\/\/miranargh.de\/index.php?rest_route=\/wp\/v2\/pages\/2\/revisions"}],"predecessor-version":[{"id":547,"href":"https:\/\/miranargh.de\/index.php?rest_route=\/wp\/v2\/pages\/2\/revisions\/547"}],"wp:attachment":[{"href":"https:\/\/miranargh.de\/index.php?rest_route=%2Fwp%2Fv2%2Fmedia&parent=2"}],"curies":[{"name":"wp","href":"https:\/\/api.w.org\/{rel}","templated":true}]}}